{"id":1583,"date":"2018-12-09T14:25:47","date_gmt":"2018-12-09T12:25:47","guid":{"rendered":"https:\/\/michalozdesign.com\/?page_id=1583"},"modified":"2023-02-07T19:36:11","modified_gmt":"2023-02-07T17:36:11","slug":"skills","status":"publish","type":"page","link":"https:\/\/michalozdesign.com\/es\/skills\/","title":{"rendered":"Skills"},"content":{"rendered":"<div data-elementor-type=\"wp-post\" data-elementor-id=\"1583\" class=\"elementor elementor-1583\">\n\t\t\t\t\t\t<section class=\"elementor-section elementor-top-section elementor-element elementor-element-9190679 elementor-section-boxed elementor-section-height-default elementor-section-height-default\" data-id=\"9190679\" data-element_type=\"section\">\n\t\t\t\t\t\t<div class=\"elementor-container elementor-column-gap-default\">\n\t\t\t\t\t<div class=\"elementor-column elementor-col-100 elementor-top-column elementor-element elementor-element-55c3db7\" data-id=\"55c3db7\" data-element_type=\"column\">\n\t\t\t<div class=\"elementor-widget-wrap elementor-element-populated\">\n\t\t\t\t\t\t<div class=\"elementor-element elementor-element-ff587c5 elementor-widget elementor-widget-image\" data-id=\"ff587c5\" data-element_type=\"widget\" data-widget_type=\"image.default\">\n\t\t\t\t<div class=\"elementor-widget-container\">\n\t\t\t\t\t\t\t\t\t\t\t\t\t\t\t<img fetchpriority=\"high\" decoding=\"async\" width=\"825\" height=\"246\" src=\"https:\/\/michalozdesign.com\/wp-content\/uploads\/2020\/12\/skils-1024x305.jpg\" class=\"attachment-large size-large wp-image-3232\" alt=\"skills\" srcset=\"https:\/\/michalozdesign.com\/wp-content\/uploads\/2020\/12\/skils-1024x305.jpg 1024w, https:\/\/michalozdesign.com\/wp-content\/uploads\/2020\/12\/skils-300x89.jpg 300w, https:\/\/michalozdesign.com\/wp-content\/uploads\/2020\/12\/skils-768x229.jpg 768w, https:\/\/michalozdesign.com\/wp-content\/uploads\/2020\/12\/skils-16x5.jpg 16w, https:\/\/michalozdesign.com\/wp-content\/uploads\/2020\/12\/skils-624x186.jpg 624w, https:\/\/michalozdesign.com\/wp-content\/uploads\/2020\/12\/skils.jpg 1176w\" sizes=\"(max-width: 825px) 100vw, 825px\" \/>\t\t\t\t\t\t\t\t\t\t\t\t\t\t\t<\/div>\n\t\t\t\t<\/div>\n\t\t\t\t<div class=\"elementor-element elementor-element-99c4996 elementor-widget elementor-widget-heading\" data-id=\"99c4996\" data-element_type=\"widget\" data-widget_type=\"heading.default\">\n\t\t\t\t<div class=\"elementor-widget-container\">\n\t\t\t\t\t<h2 class=\"elementor-heading-title elementor-size-xxl\"><h2 class=\"translation-block\">Desde peque\u00f1a siempre me ha gustado  <strong> <span style=\"color: #ff0000\">trabajar con mis manos <\/span><\/strong>y durante el transcurso de mi vida he conocido y experimentado varias t\u00e9cnicas de expresi\u00f3n art\u00edstica que <strong> <span style=\"color: #ff0000\">me han formado<\/span><\/strong> como persona y como profesional.<\/h2>\t\t\t\t<\/div>\n\t\t\t\t<\/div>\n\t\t\t\t\t<\/div>\n\t\t<\/div>\n\t\t\t\t\t<\/div>\n\t\t<\/section>\n\t\t\t\t<section class=\"elementor-section elementor-top-section elementor-element elementor-element-f243ff6 elementor-section-height-min-height elementor-section-content-middle elementor-section-boxed elementor-section-height-default elementor-section-items-middle\" data-id=\"f243ff6\" data-element_type=\"section\" data-settings=\"{&quot;background_background&quot;:&quot;classic&quot;}\">\n\t\t\t\t\t\t<div class=\"elementor-container elementor-column-gap-default\">\n\t\t\t\t\t<div class=\"elementor-column elementor-col-100 elementor-top-column elementor-element elementor-element-9289cbc\" data-id=\"9289cbc\" data-element_type=\"column\">\n\t\t\t<div class=\"elementor-widget-wrap elementor-element-populated\">\n\t\t\t\t\t\t<section class=\"elementor-section elementor-inner-section elementor-element elementor-element-0cc1dd1 elementor-section-height-min-height elementor-section-content-top elementor-section-boxed elementor-section-height-default\" data-id=\"0cc1dd1\" data-element_type=\"section\" data-settings=\"{&quot;background_background&quot;:&quot;classic&quot;}\">\n\t\t\t\t\t\t<div class=\"elementor-container elementor-column-gap-default\">\n\t\t\t\t\t<div class=\"elementor-column elementor-col-50 elementor-inner-column elementor-element elementor-element-9a5f34a\" data-id=\"9a5f34a\" data-element_type=\"column\">\n\t\t\t<div class=\"elementor-widget-wrap elementor-element-populated\">\n\t\t\t\t\t\t<div class=\"elementor-element elementor-element-3e5c679 elementor-widget elementor-widget-justified-gallery\" data-id=\"3e5c679\" data-element_type=\"widget\" data-widget_type=\"justified-gallery.default\">\n\t\t\t\t<div class=\"elementor-widget-container\">\n\t\t\t\t\t\t\t\t<div id=\"jg-3e5c679\" class=\"hide-gallery elementor-justified-gallery\" data-row-height=\"180\" data-margins=\"5\" data-last-row=\"justify\" data-randomize=\"true\" data-selector=\"a\">\n\t\t\t\t\t\t\t\t\t\n\t\t\t\t\t\t\t\t\t\t\t<a href=\"https:\/\/michalozdesign.com\/wp-content\/uploads\/2018\/12\/hamsa-psifaz.jpg\" class=\"elementor-clickable\" data-elementor-open-lightbox=\"default\" data-elementor-lightbox-slideshow=\"3e5c679\">\n\t\t\t\t\t\n\t\t\t\t\t<img decoding=\"async\" src=\"https:\/\/michalozdesign.com\/wp-content\/uploads\/2018\/12\/hamsa-psifaz.jpg\" alt=\"Mosaic Hamsa\">\n\n\t\t\t\t\t\t\t\t\t\t\t<\/a>\n\t\t\t\t\t\t\t\t\t\t\t\t\t\t\n\t\t\t\t\t\t\t\t\t\t\t<a href=\"https:\/\/michalozdesign.com\/wp-content\/uploads\/2020\/03\/arenero.jpg\" class=\"elementor-clickable\" data-elementor-open-lightbox=\"default\" data-elementor-lightbox-slideshow=\"3e5c679\">\n\t\t\t\t\t\n\t\t\t\t\t<img decoding=\"async\" src=\"https:\/\/michalozdesign.com\/wp-content\/uploads\/2020\/03\/arenero.jpg\" alt=\"Mosaic Sandbox\">\n\n\t\t\t\t\t\t\t\t\t\t\t<\/a>\n\t\t\t\t\t\t\t\t\t\t\t\t\t\t\n\t\t\t\t\t\t\t\t\t\t\t<a href=\"https:\/\/michalozdesign.com\/wp-content\/uploads\/2020\/03\/bottle.jpg\" class=\"elementor-clickable\" data-elementor-open-lightbox=\"default\" data-elementor-lightbox-slideshow=\"3e5c679\">\n\t\t\t\t\t\n\t\t\t\t\t<img decoding=\"async\" src=\"https:\/\/michalozdesign.com\/wp-content\/uploads\/2020\/03\/bottle.jpg\" alt=\"Bottle with Embossed Detail\">\n\n\t\t\t\t\t\t\t\t\t\t\t<\/a>\n\t\t\t\t\t\t\t\t\t\t\t\t\t\t\n\t\t\t\t\t\t\t\t\t\t\t<a href=\"https:\/\/michalozdesign.com\/wp-content\/uploads\/2020\/03\/box.jpg\" class=\"elementor-clickable\" data-elementor-open-lightbox=\"default\" data-elementor-lightbox-slideshow=\"3e5c679\">\n\t\t\t\t\t\n\t\t\t\t\t<img decoding=\"async\" src=\"https:\/\/michalozdesign.com\/wp-content\/uploads\/2020\/03\/box.jpg\" alt=\"Woodbox with Embossed Detail\">\n\n\t\t\t\t\t\t\t\t\t\t\t<\/a>\n\t\t\t\t\t\t\t\t\t\t\t\t\t\t\n\t\t\t\t\t\t\t\t\t\t\t<a href=\"https:\/\/michalozdesign.com\/wp-content\/uploads\/2020\/03\/campesinos.jpg\" class=\"elementor-clickable\" data-elementor-open-lightbox=\"default\" data-elementor-lightbox-slideshow=\"3e5c679\">\n\t\t\t\t\t\n\t\t\t\t\t<img decoding=\"async\" src=\"https:\/\/michalozdesign.com\/wp-content\/uploads\/2020\/03\/campesinos.jpg\" alt=\"Embossed Picture Frame\">\n\n\t\t\t\t\t\t\t\t\t\t\t<\/a>\n\t\t\t\t\t\t\t\t\t\t\t\t\t\t\n\t\t\t\t\t\t\t\t\t\t\t<a href=\"https:\/\/michalozdesign.com\/wp-content\/uploads\/2020\/03\/candels.jpg\" class=\"elementor-clickable\" data-elementor-open-lightbox=\"default\" data-elementor-lightbox-slideshow=\"3e5c679\">\n\t\t\t\t\t\n\t\t\t\t\t<img decoding=\"async\" src=\"https:\/\/michalozdesign.com\/wp-content\/uploads\/2020\/03\/candels.jpg\" alt=\"Embossed Candels\">\n\n\t\t\t\t\t\t\t\t\t\t\t<\/a>\n\t\t\t\t\t\t\t\t\t\t\t\t\t\t\n\t\t\t\t\t\t\t\t\t\t\t<a href=\"https:\/\/michalozdesign.com\/wp-content\/uploads\/2020\/03\/candels1.jpg\" class=\"elementor-clickable\" data-elementor-open-lightbox=\"default\" data-elementor-lightbox-slideshow=\"3e5c679\">\n\t\t\t\t\t\n\t\t\t\t\t<img decoding=\"async\" src=\"https:\/\/michalozdesign.com\/wp-content\/uploads\/2020\/03\/candels1.jpg\" alt=\"Embossed Candels\">\n\n\t\t\t\t\t\t\t\t\t\t\t<\/a>\n\t\t\t\t\t\t\t\t\t\t\t\t\t\t\n\t\t\t\t\t\t\t\t\t\t\t<a href=\"https:\/\/michalozdesign.com\/wp-content\/uploads\/2020\/03\/cuadro-alcatraces-gde.jpg\" class=\"elementor-clickable\" data-elementor-open-lightbox=\"default\" data-elementor-lightbox-slideshow=\"3e5c679\">\n\t\t\t\t\t\n\t\t\t\t\t<img decoding=\"async\" src=\"https:\/\/michalozdesign.com\/wp-content\/uploads\/2020\/03\/cuadro-alcatraces-gde.jpg\" alt=\"Embossed Picture Frame\">\n\n\t\t\t\t\t\t\t\t\t\t\t<\/a>\n\t\t\t\t\t\t\t\t\t\t\t\t\t\t\n\t\t\t\t\t\t\t\t\t\t\t<a href=\"https:\/\/michalozdesign.com\/wp-content\/uploads\/2020\/03\/hamsot.jpg\" class=\"elementor-clickable\" data-elementor-open-lightbox=\"default\" data-elementor-lightbox-slideshow=\"3e5c679\">\n\t\t\t\t\t\n\t\t\t\t\t<img decoding=\"async\" src=\"https:\/\/michalozdesign.com\/wp-content\/uploads\/2020\/03\/hamsot.jpg\" alt=\"Embossed Hamsa\">\n\n\t\t\t\t\t\t\t\t\t\t\t<\/a>\n\t\t\t\t\t\t\t\t\t\t\t\t\t\t\n\t\t\t\t\t\t\t\t\t\t\t<a href=\"https:\/\/michalozdesign.com\/wp-content\/uploads\/2020\/03\/letrero.jpg\" class=\"elementor-clickable\" data-elementor-open-lightbox=\"default\" data-elementor-lightbox-slideshow=\"3e5c679\">\n\t\t\t\t\t\n\t\t\t\t\t<img decoding=\"async\" src=\"https:\/\/michalozdesign.com\/wp-content\/uploads\/2020\/03\/letrero.jpg\" alt=\"Dor sign name in Mosaic\">\n\n\t\t\t\t\t\t\t\t\t\t\t<\/a>\n\t\t\t\t\t\t\t\t\t\t\t\t\t\t\n\t\t\t\t\t\t\t\t\t\t\t<a href=\"https:\/\/michalozdesign.com\/wp-content\/uploads\/2020\/03\/mesa.jpg\" class=\"elementor-clickable\" data-elementor-open-lightbox=\"default\" data-elementor-lightbox-slideshow=\"3e5c679\">\n\t\t\t\t\t\n\t\t\t\t\t<img decoding=\"async\" src=\"https:\/\/michalozdesign.com\/wp-content\/uploads\/2020\/03\/mesa.jpg\" alt=\"Mosaic Table\">\n\n\t\t\t\t\t\t\t\t\t\t\t<\/a>\n\t\t\t\t\t\t\t\t\t\t\t\t\t\t\n\t\t\t\t\t\t\t\t\t\t\t<a href=\"https:\/\/michalozdesign.com\/wp-content\/uploads\/2020\/03\/mesa-antes-y-despues.jpg\" class=\"elementor-clickable\" data-elementor-open-lightbox=\"default\" data-elementor-lightbox-slideshow=\"3e5c679\">\n\t\t\t\t\t\n\t\t\t\t\t<img decoding=\"async\" src=\"https:\/\/michalozdesign.com\/wp-content\/uploads\/2020\/03\/mesa-antes-y-despues.jpg\" alt=\"Before and after Table Mosaic\">\n\n\t\t\t\t\t\t\t\t\t\t\t<\/a>\n\t\t\t\t\t\t\t\t\t\t\t\t\t\t\n\t\t\t\t\t\t\t\t\t\t\t<a href=\"https:\/\/michalozdesign.com\/wp-content\/uploads\/2020\/03\/mezuzot.jpg\" class=\"elementor-clickable\" data-elementor-open-lightbox=\"default\" data-elementor-lightbox-slideshow=\"3e5c679\">\n\t\t\t\t\t\n\t\t\t\t\t<img decoding=\"async\" src=\"https:\/\/michalozdesign.com\/wp-content\/uploads\/2020\/03\/mezuzot.jpg\" alt=\"Mosaic Mezuzot\">\n\n\t\t\t\t\t\t\t\t\t\t\t<\/a>\n\t\t\t\t\t\t\t\t\t\t\t\t\t\t\n\t\t\t\t\t\t\t\t\t\t\t<a href=\"https:\/\/michalozdesign.com\/wp-content\/uploads\/2020\/03\/mirror.jpg\" class=\"elementor-clickable\" data-elementor-open-lightbox=\"default\" data-elementor-lightbox-slideshow=\"3e5c679\">\n\t\t\t\t\t\n\t\t\t\t\t<img decoding=\"async\" src=\"https:\/\/michalozdesign.com\/wp-content\/uploads\/2020\/03\/mirror.jpg\" alt=\"Embossed Mirror\">\n\n\t\t\t\t\t\t\t\t\t\t\t<\/a>\n\t\t\t\t\t\t\t\t\t\t\t\t\t\t\n\t\t\t\t\t\t\t\t\t\t\t<a href=\"https:\/\/michalozdesign.com\/wp-content\/uploads\/2020\/03\/MIRROR-PSIFAZ.jpg\" class=\"elementor-clickable\" data-elementor-open-lightbox=\"default\" data-elementor-lightbox-slideshow=\"3e5c679\">\n\t\t\t\t\t\n\t\t\t\t\t<img decoding=\"async\" src=\"https:\/\/michalozdesign.com\/wp-content\/uploads\/2020\/03\/MIRROR-PSIFAZ.jpg\" alt=\"Mosaic Mirror\">\n\n\t\t\t\t\t\t\t\t\t\t\t<\/a>\n\t\t\t\t\t\t\t\t\t\t\t\t\t\t\n\t\t\t\t\t\t\t\t\t\t\t<a href=\"https:\/\/michalozdesign.com\/wp-content\/uploads\/2020\/03\/portapapeles.jpg\" class=\"elementor-clickable\" data-elementor-open-lightbox=\"default\" data-elementor-lightbox-slideshow=\"3e5c679\">\n\t\t\t\t\t\n\t\t\t\t\t<img decoding=\"async\" src=\"https:\/\/michalozdesign.com\/wp-content\/uploads\/2020\/03\/portapapeles.jpg\" alt=\"Wood paperweight\">\n\n\t\t\t\t\t\t\t\t\t\t\t<\/a>\n\t\t\t\t\t\t\t\t\t\t\t\t\t\t\n\t\t\t\t\t\t\t\t\t\t\t<a href=\"https:\/\/michalozdesign.com\/wp-content\/uploads\/2020\/03\/portavasos.jpg\" class=\"elementor-clickable\" data-elementor-open-lightbox=\"default\" data-elementor-lightbox-slideshow=\"3e5c679\">\n\t\t\t\t\t\n\t\t\t\t\t<img decoding=\"async\" src=\"https:\/\/michalozdesign.com\/wp-content\/uploads\/2020\/03\/portavasos.jpg\" alt=\"Painted Cup Holders\">\n\n\t\t\t\t\t\t\t\t\t\t\t<\/a>\n\t\t\t\t\t\t\t\t\t\t\t\t\t\t\n\t\t\t\t\t\t\t\t\t\t\t<a href=\"https:\/\/michalozdesign.com\/wp-content\/uploads\/2020\/03\/portavasos-psifaz.jpg\" class=\"elementor-clickable\" data-elementor-open-lightbox=\"default\" data-elementor-lightbox-slideshow=\"3e5c679\">\n\t\t\t\t\t\n\t\t\t\t\t<img decoding=\"async\" src=\"https:\/\/michalozdesign.com\/wp-content\/uploads\/2020\/03\/portavasos-psifaz.jpg\" alt=\"Mosaic Cup Holder\">\n\n\t\t\t\t\t\t\t\t\t\t\t<\/a>\n\t\t\t\t\t\t\t\t\t\t\t\t\t\t\n\t\t\t\t\t\t\t\t\t\t\t<a href=\"https:\/\/michalozdesign.com\/wp-content\/uploads\/2020\/03\/servilletero.jpg\" class=\"elementor-clickable\" data-elementor-open-lightbox=\"default\" data-elementor-lightbox-slideshow=\"3e5c679\">\n\t\t\t\t\t\n\t\t\t\t\t<img decoding=\"async\" src=\"https:\/\/michalozdesign.com\/wp-content\/uploads\/2020\/03\/servilletero.jpg\" alt=\"Mosaic Napkin Holder\">\n\n\t\t\t\t\t\t\t\t\t\t\t<\/a>\n\t\t\t\t\t\t\t\t\t\t\t\t\t\t\n\t\t\t\t\t\t\t\t\t\t\t<a href=\"https:\/\/michalozdesign.com\/wp-content\/uploads\/2020\/03\/serv-y-slero-vd.jpg\" class=\"elementor-clickable\" data-elementor-open-lightbox=\"default\" data-elementor-lightbox-slideshow=\"3e5c679\">\n\t\t\t\t\t\n\t\t\t\t\t<img decoding=\"async\" src=\"https:\/\/michalozdesign.com\/wp-content\/uploads\/2020\/03\/serv-y-slero-vd.jpg\" alt=\"Embossed Napkin holder and Salt shakernd \">\n\n\t\t\t\t\t\t\t\t\t\t\t<\/a>\n\t\t\t\t\t\t\t\t\t\t\t\t\t\t\n\t\t\t\t\t\t\t\t\t\t\t<a href=\"https:\/\/michalozdesign.com\/wp-content\/uploads\/2020\/03\/kipa-azul.jpeg\" class=\"elementor-clickable\" data-elementor-open-lightbox=\"default\" data-elementor-lightbox-slideshow=\"3e5c679\">\n\t\t\t\t\t\n\t\t\t\t\t<img decoding=\"async\" src=\"https:\/\/michalozdesign.com\/wp-content\/uploads\/2020\/03\/kipa-azul.jpeg\" alt=\"\">\n\n\t\t\t\t\t\t\t\t\t\t\t<\/a>\n\t\t\t\t\t\t\t\t\t\t\t\t\t\t\n\t\t\t\t\t\t\t\t\t\t\t<a href=\"https:\/\/michalozdesign.com\/wp-content\/uploads\/2020\/03\/kipa-cafe.jpeg\" class=\"elementor-clickable\" data-elementor-open-lightbox=\"default\" data-elementor-lightbox-slideshow=\"3e5c679\">\n\t\t\t\t\t\n\t\t\t\t\t<img decoding=\"async\" src=\"https:\/\/michalozdesign.com\/wp-content\/uploads\/2020\/03\/kipa-cafe.jpeg\" alt=\"\">\n\n\t\t\t\t\t\t\t\t\t\t\t<\/a>\n\t\t\t\t\t\t\t\t\t\t\t\t<\/div>\n\t\t\t<script>\n\t\t\t\tjQuery(document).ready(function(){\n\t\t\t\t\tjQuery(document).trigger('elementor\/render\/justified-gallery','#jg-3e5c679');\n\t\t\t\t});\n\t\t\t<\/script>\n\t\t\t\t\t\t\t<\/div>\n\t\t\t\t<\/div>\n\t\t\t\t\t<\/div>\n\t\t<\/div>\n\t\t\t\t<div class=\"elementor-column elementor-col-50 elementor-inner-column elementor-element elementor-element-cbbeb03\" data-id=\"cbbeb03\" data-element_type=\"column\" data-settings=\"{&quot;background_background&quot;:&quot;classic&quot;}\">\n\t\t\t<div class=\"elementor-widget-wrap elementor-element-populated\">\n\t\t\t\t\t\t<div class=\"elementor-element elementor-element-484b149 elementor-widget elementor-widget-heading\" data-id=\"484b149\" data-element_type=\"widget\" data-widget_type=\"heading.default\">\n\t\t\t\t<div class=\"elementor-widget-container\">\n\t\t\t\t\t<h2 class=\"elementor-heading-title elementor-size-default\">Mis Fotos<\/h2>\t\t\t\t<\/div>\n\t\t\t\t<\/div>\n\t\t\t\t\t<\/div>\n\t\t<\/div>\n\t\t\t\t\t<\/div>\n\t\t<\/section>\n\t\t\t\t\t<\/div>\n\t\t<\/div>\n\t\t\t\t\t<\/div>\n\t\t<\/section>\n\t\t\t\t<\/div>","protected":false},"excerpt":{"rendered":"<p>Since I was little I have always liked to work with my hands and during the course of my life I have known and experienced several techniques of artistic expression that have shaped me as a person and as a professional. My Photos<\/p>","protected":false},"author":1,"featured_media":0,"parent":0,"menu_order":0,"comment_status":"closed","ping_status":"closed","template":"elementor_canvas","meta":{"footnotes":""},"class_list":["post-1583","page","type-page","status-publish","hentry","without-featured-image"],"yoast_head":"<!-- This site is optimized with the Yoast SEO plugin v27.3 - https:\/\/yoast.com\/product\/yoast-seo-wordpress\/ -->\n<title>Other skills that complement me as a Designer - Michal Ozeri Design<\/title>\n<meta name=\"description\" content=\"During the course of my life I have known and experienced several techniques of artistic expression that have shaped me as a person and as a professional.\" \/>\n<meta name=\"robots\" content=\"index, follow, max-snippet:-1, max-image-preview:large, max-video-preview:-1\" \/>\n<link rel=\"canonical\" href=\"https:\/\/michalozdesign.com\/es\/skills\/\" \/>\n<meta property=\"og:locale\" content=\"es_MX\" \/>\n<meta property=\"og:type\" content=\"article\" \/>\n<meta property=\"og:title\" content=\"Other skills that complement me as a Designer - Michal Ozeri Design\" \/>\n<meta property=\"og:description\" content=\"During the course of my life I have known and experienced several techniques of artistic expression that have shaped me as a person and as a professional.\" \/>\n<meta property=\"og:url\" content=\"https:\/\/michalozdesign.com\/es\/skills\/\" \/>\n<meta property=\"og:site_name\" content=\"Michal Ozeri Design\" \/>\n<meta property=\"article:modified_time\" content=\"2023-02-07T17:36:11+00:00\" \/>\n<meta property=\"og:image\" content=\"https:\/\/www.michalozdesign.com\/wp-content\/uploads\/2020\/12\/skils-1024x305.jpg\" \/>\n<meta name=\"twitter:card\" content=\"summary_large_image\" \/>\n<meta name=\"twitter:label1\" content=\"Tiempo de lectura\" \/>\n\t<meta name=\"twitter:data1\" content=\"6 minutos\" \/>\n<script type=\"application\/ld+json\" class=\"yoast-schema-graph\">{\"@context\":\"https:\\\/\\\/schema.org\",\"@graph\":[{\"@type\":\"WebPage\",\"@id\":\"https:\\\/\\\/michalozdesign.com\\\/skills\\\/\",\"url\":\"https:\\\/\\\/michalozdesign.com\\\/skills\\\/\",\"name\":\"Other skills that complement me as a Designer - Michal Ozeri Design\",\"isPartOf\":{\"@id\":\"https:\\\/\\\/michalozdesign.com\\\/#website\"},\"primaryImageOfPage\":{\"@id\":\"https:\\\/\\\/michalozdesign.com\\\/skills\\\/#primaryimage\"},\"image\":{\"@id\":\"https:\\\/\\\/michalozdesign.com\\\/skills\\\/#primaryimage\"},\"thumbnailUrl\":\"https:\\\/\\\/www.michalozdesign.com\\\/wp-content\\\/uploads\\\/2020\\\/12\\\/skils-1024x305.jpg\",\"datePublished\":\"2018-12-09T12:25:47+00:00\",\"dateModified\":\"2023-02-07T17:36:11+00:00\",\"description\":\"During the course of my life I have known and experienced several techniques of artistic expression that have shaped me as a person and as a professional.\",\"breadcrumb\":{\"@id\":\"https:\\\/\\\/michalozdesign.com\\\/skills\\\/#breadcrumb\"},\"inLanguage\":\"es\",\"potentialAction\":[{\"@type\":\"ReadAction\",\"target\":[\"https:\\\/\\\/michalozdesign.com\\\/skills\\\/\"]}]},{\"@type\":\"ImageObject\",\"inLanguage\":\"es\",\"@id\":\"https:\\\/\\\/michalozdesign.com\\\/skills\\\/#primaryimage\",\"url\":\"https:\\\/\\\/www.michalozdesign.com\\\/wp-content\\\/uploads\\\/2020\\\/12\\\/skils-1024x305.jpg\",\"contentUrl\":\"https:\\\/\\\/www.michalozdesign.com\\\/wp-content\\\/uploads\\\/2020\\\/12\\\/skils-1024x305.jpg\"},{\"@type\":\"BreadcrumbList\",\"@id\":\"https:\\\/\\\/michalozdesign.com\\\/skills\\\/#breadcrumb\",\"itemListElement\":[{\"@type\":\"ListItem\",\"position\":1,\"name\":\"Home\",\"item\":\"https:\\\/\\\/michalozdesign.com\\\/\"},{\"@type\":\"ListItem\",\"position\":2,\"name\":\"Skills\"}]},{\"@type\":\"WebSite\",\"@id\":\"https:\\\/\\\/michalozdesign.com\\\/#website\",\"url\":\"https:\\\/\\\/michalozdesign.com\\\/\",\"name\":\"Michal Ozeri Design\",\"description\":\"Graphic | Advertising | Editorial | Design\",\"publisher\":{\"@id\":\"https:\\\/\\\/michalozdesign.com\\\/#\\\/schema\\\/person\\\/595db26fbc83f7cc2f515891f52031d7\"},\"potentialAction\":[{\"@type\":\"SearchAction\",\"target\":{\"@type\":\"EntryPoint\",\"urlTemplate\":\"https:\\\/\\\/michalozdesign.com\\\/?s={search_term_string}\"},\"query-input\":{\"@type\":\"PropertyValueSpecification\",\"valueRequired\":true,\"valueName\":\"search_term_string\"}}],\"inLanguage\":\"es\"},{\"@type\":[\"Person\",\"Organization\"],\"@id\":\"https:\\\/\\\/michalozdesign.com\\\/#\\\/schema\\\/person\\\/595db26fbc83f7cc2f515891f52031d7\",\"name\":\"Michal\",\"image\":{\"@type\":\"ImageObject\",\"inLanguage\":\"es\",\"@id\":\"https:\\\/\\\/secure.gravatar.com\\\/avatar\\\/8eebd8207f561d92df65b8c6fa3db70cc112aec751826f01253bfb381cd617e5?s=96&d=mm&r=g\",\"url\":\"https:\\\/\\\/secure.gravatar.com\\\/avatar\\\/8eebd8207f561d92df65b8c6fa3db70cc112aec751826f01253bfb381cd617e5?s=96&d=mm&r=g\",\"contentUrl\":\"https:\\\/\\\/secure.gravatar.com\\\/avatar\\\/8eebd8207f561d92df65b8c6fa3db70cc112aec751826f01253bfb381cd617e5?s=96&d=mm&r=g\",\"caption\":\"Michal\"},\"logo\":{\"@id\":\"https:\\\/\\\/secure.gravatar.com\\\/avatar\\\/8eebd8207f561d92df65b8c6fa3db70cc112aec751826f01253bfb381cd617e5?s=96&d=mm&r=g\"},\"sameAs\":[\"https:\\\/\\\/michalozdesign.com\"]}]}<\/script>\n<!-- \/ Yoast SEO plugin. -->","yoast_head_json":{"title":"Other skills that complement me as a Designer - Michal Ozeri Design","description":"During the course of my life I have known and experienced several techniques of artistic expression that have shaped me as a person and as a professional.","robots":{"index":"index","follow":"follow","max-snippet":"max-snippet:-1","max-image-preview":"max-image-preview:large","max-video-preview":"max-video-preview:-1"},"canonical":"https:\/\/michalozdesign.com\/es\/skills\/","og_locale":"es_MX","og_type":"article","og_title":"Other skills that complement me as a Designer - Michal Ozeri Design","og_description":"During the course of my life I have known and experienced several techniques of artistic expression that have shaped me as a person and as a professional.","og_url":"https:\/\/michalozdesign.com\/es\/skills\/","og_site_name":"Michal Ozeri Design","article_modified_time":"2023-02-07T17:36:11+00:00","og_image":[{"url":"https:\/\/www.michalozdesign.com\/wp-content\/uploads\/2020\/12\/skils-1024x305.jpg","type":"","width":"","height":""}],"twitter_card":"summary_large_image","twitter_misc":{"Tiempo de lectura":"6 minutos"},"schema":{"@context":"https:\/\/schema.org","@graph":[{"@type":"WebPage","@id":"https:\/\/michalozdesign.com\/skills\/","url":"https:\/\/michalozdesign.com\/skills\/","name":"Other skills that complement me as a Designer - Michal Ozeri Design","isPartOf":{"@id":"https:\/\/michalozdesign.com\/#website"},"primaryImageOfPage":{"@id":"https:\/\/michalozdesign.com\/skills\/#primaryimage"},"image":{"@id":"https:\/\/michalozdesign.com\/skills\/#primaryimage"},"thumbnailUrl":"https:\/\/www.michalozdesign.com\/wp-content\/uploads\/2020\/12\/skils-1024x305.jpg","datePublished":"2018-12-09T12:25:47+00:00","dateModified":"2023-02-07T17:36:11+00:00","description":"During the course of my life I have known and experienced several techniques of artistic expression that have shaped me as a person and as a professional.","breadcrumb":{"@id":"https:\/\/michalozdesign.com\/skills\/#breadcrumb"},"inLanguage":"es","potentialAction":[{"@type":"ReadAction","target":["https:\/\/michalozdesign.com\/skills\/"]}]},{"@type":"ImageObject","inLanguage":"es","@id":"https:\/\/michalozdesign.com\/skills\/#primaryimage","url":"https:\/\/www.michalozdesign.com\/wp-content\/uploads\/2020\/12\/skils-1024x305.jpg","contentUrl":"https:\/\/www.michalozdesign.com\/wp-content\/uploads\/2020\/12\/skils-1024x305.jpg"},{"@type":"BreadcrumbList","@id":"https:\/\/michalozdesign.com\/skills\/#breadcrumb","itemListElement":[{"@type":"ListItem","position":1,"name":"Home","item":"https:\/\/michalozdesign.com\/"},{"@type":"ListItem","position":2,"name":"Skills"}]},{"@type":"WebSite","@id":"https:\/\/michalozdesign.com\/#website","url":"https:\/\/michalozdesign.com\/","name":"Michal Ozeri Design","description":"Graphic | Advertising | Editorial | Design","publisher":{"@id":"https:\/\/michalozdesign.com\/#\/schema\/person\/595db26fbc83f7cc2f515891f52031d7"},"potentialAction":[{"@type":"SearchAction","target":{"@type":"EntryPoint","urlTemplate":"https:\/\/michalozdesign.com\/?s={search_term_string}"},"query-input":{"@type":"PropertyValueSpecification","valueRequired":true,"valueName":"search_term_string"}}],"inLanguage":"es"},{"@type":["Person","Organization"],"@id":"https:\/\/michalozdesign.com\/#\/schema\/person\/595db26fbc83f7cc2f515891f52031d7","name":"Michal","image":{"@type":"ImageObject","inLanguage":"es","@id":"https:\/\/secure.gravatar.com\/avatar\/8eebd8207f561d92df65b8c6fa3db70cc112aec751826f01253bfb381cd617e5?s=96&d=mm&r=g","url":"https:\/\/secure.gravatar.com\/avatar\/8eebd8207f561d92df65b8c6fa3db70cc112aec751826f01253bfb381cd617e5?s=96&d=mm&r=g","contentUrl":"https:\/\/secure.gravatar.com\/avatar\/8eebd8207f561d92df65b8c6fa3db70cc112aec751826f01253bfb381cd617e5?s=96&d=mm&r=g","caption":"Michal"},"logo":{"@id":"https:\/\/secure.gravatar.com\/avatar\/8eebd8207f561d92df65b8c6fa3db70cc112aec751826f01253bfb381cd617e5?s=96&d=mm&r=g"},"sameAs":["https:\/\/michalozdesign.com"]}]}},"_links":{"self":[{"href":"https:\/\/michalozdesign.com\/es\/wp-json\/wp\/v2\/pages\/1583","targetHints":{"allow":["GET"]}}],"collection":[{"href":"https:\/\/michalozdesign.com\/es\/wp-json\/wp\/v2\/pages"}],"about":[{"href":"https:\/\/michalozdesign.com\/es\/wp-json\/wp\/v2\/types\/page"}],"author":[{"embeddable":true,"href":"https:\/\/michalozdesign.com\/es\/wp-json\/wp\/v2\/users\/1"}],"replies":[{"embeddable":true,"href":"https:\/\/michalozdesign.com\/es\/wp-json\/wp\/v2\/comments?post=1583"}],"version-history":[{"count":0,"href":"https:\/\/michalozdesign.com\/es\/wp-json\/wp\/v2\/pages\/1583\/revisions"}],"wp:attachment":[{"href":"https:\/\/michalozdesign.com\/es\/wp-json\/wp\/v2\/media?parent=1583"}],"curies":[{"name":"wp","href":"https:\/\/api.w.org\/{rel}","templated":true}]}}